{"id":26,"date":"2021-05-15T07:52:18","date_gmt":"2021-05-15T07:52:18","guid":{"rendered":"https:\/\/physiotherapie-schoene.de\/?page_id=26"},"modified":"2021-08-08T08:54:31","modified_gmt":"2021-08-08T08:54:31","slug":"was-bedeutet","status":"publish","type":"page","link":"https:\/\/physiotherapie-schoene.de\/?page_id=26","title":{"rendered":"Was bedeutet &#8230; ?"},"content":{"rendered":"\n<h2 class=\"wp-block-heading\">&#8230; Osteopathie?<\/h2>\n\n\n\n<p>In der Osteopathie wird sowohl die Diagnose als auch die Behandlung des Patienten mit Hilfe der H\u00e4nde durchgef\u00fchrt.<br>Man unterscheidet drei Kategorien: strukturelle, viscerale und cranio-sacrale Osteopathie. Das Individuum wird dabei in seiner Ganzheit gesehen und behandelt.<br>Bewegungsapperat, Sch\u00e4del, R\u00fcckenmark und Organe h\u00e4ngen dabei zusammen; und auftretende Blockaden in diesem System k\u00f6nnen mit Hilfe der Osteopathie gel\u00f6st und die Selbstheilungskr\u00e4fte des K\u00f6rpers aktiviert werden.<\/p>\n\n\n\n<figure class=\"wp-block-table is-style-stripes\"><table><tbody><tr><td>Viscerale Techniken<\/td><td>=<\/td><td>Behandlung der Organe, ihrer Fixierungen und Durchblutung<\/td><\/tr><tr><td>Parietale Techniken<\/td><td>=<\/td><td>Therapie von Muskeln, Knochen und Gelenken<\/td><\/tr><tr><td>Cranio-sacrale Techniken<\/td><td>=<\/td><td>Behandlung des Sch\u00e4dels und dessen Verbindungen zum Kreuzbein<\/td><\/tr><\/tbody><\/table><\/figure>\n\n\n\n<p><br>(Quelle: <a href=\"http:\/\/www.netdoktor.de\/\">www.netdoktor.de<\/a>)<\/p>\n\n\n\n<h2 class=\"wp-block-heading\">&#8230; Manuelle Therapie?<\/h2>\n\n\n\n<p>Die manuelle Therapie behandelt Funktionsst\u00f6rungen des Bewegungsapperates. Im Fokus stehen dabei haupts\u00e4chlich Muskeln und Gelenke und deren Zusammenspiel.<br>Die Behandlungsform arbeitet mit speziellen Handgriffen und Techniken zur Mobilisation, mit deren Hilfe sich die Beweglichkeit steigern und die Schmerzen verringern lassen.<br><\/p>\n\n\n\n<figure class=\"wp-block-table is-style-stripes\"><table><tbody><tr><td>H\u00e4ufige Einsatzbereiche sind:<\/td><td>Wirbels\u00e4ulenbeschwerden<\/td><\/tr><tr><td><\/td><td>R\u00fcckenschmerzen<\/td><\/tr><tr><td><\/td><td>Gelenkschmerzen<\/td><\/tr><tr><td><\/td><td>Muskelschmerzen<\/td><\/tr><tr><td><\/td><td>Spezielle Indikationen f\u00fcr die Extensionstherapie bei Rheumatischen Erkrankungen, Ischialgien und Gelenkarthrosen.<\/td><\/tr><\/tbody><\/table><\/figure>\n\n\n\n<p>(Quelle: <a href=\"http:\/\/www.netdoktor.de\/\">www.netdoktor.de<\/a>)<\/p>\n\n\n\n<p><\/p>\n\n\n\n<h2 class=\"wp-block-heading\">&#8230; Manuelle Therapie Kinder (bei KISS \u2013 oder KIDD-Syndrom)?<\/h2>\n\n\n\n<p>KISS-Syndrom = Kopfgelenk-induzierte Symetriest\u00f6rung<br><br>Dabei verschiebt sich der Atlas, der 1. Halswirbel, zum Occiput, dem Hinterhaupt, und verbleibt in blockierter Stellung.<br>Fehlfunktionen in diesem Bereich f\u00fchren zu ver\u00e4nderter Propriozeption ( Wahrnehmung des eigenen K\u00f6rpers und dessen Lage im Raum). Diese gest\u00f6rte K\u00f6rperwahrnehmung kann zu Bewegungsdysfunktionen und asymetrischer K\u00f6rperhaltung f\u00fchren.<br>Auftretend im S\u00e4uglings &#8211; und Kleinkindalter, h\u00e4ufig ausgel\u00f6st durch eine Zwangshaltung des F\u00f6tus im Mutterleib.<br><br><br>KIDD-Syndrom = Kopfgelenk-induzierte Dyspraxie<br><br>Ursache ist eine Fehlstellung von Atlas, dem 1. Halswirbel, und Axis, dem 2. Halswirbel, meist Folge eines unbehandelt gebliebenen KISS-Syndroms.<br>Ein KIDD-Syndrom kann zu einer Koordinations &#8211; und Entwicklungsst\u00f6rungen f\u00fchren bis hin zu Dysgnosie, d.h. eine St\u00f6rung der Wahrnehmung und Verarbeitung.<br><br><br>(Quelle: <a href=\"http:\/\/www.netdoktor.de\/\">www.netdoktor.de<\/a>)<\/p>\n\n\n\n<p><\/p>\n\n\n\n<h2 class=\"wp-block-heading\">&#8230; Manuelle Lymphdrainage?<\/h2>\n\n\n\n<p>Als Lymphdrainage bezeichnet man eine spezielle, medizinische Form der Massage.<br>Sie ist Teil der Komplexen Physikalischen Entstauungstherapie (KPE) und wird bei Stauungen der Gewebsfl\u00fcssigkeit (Lymph\u00f6dem) angewandt.<\/p>\n\n\n\n<figure class=\"wp-block-table is-style-stripes\"><table><tbody><tr><td>Die KPE kennt vier grunds\u00e4tzliche Verfahren bei Lymph\u00f6demen:<\/td><td>Manuelle Lymphdrainage<\/td><\/tr><tr><td><\/td><td>Kompressionstherapie mittels Verb\u00e4nden oder Kompressionsstr\u00fcmpfen<\/td><\/tr><tr><td><\/td><td>Entstauende Bewegungs\u00fcbungen<\/td><\/tr><tr><td><\/td><td>Hautpflege<\/td><\/tr><\/tbody><\/table><\/figure>\n\n\n\n<figure class=\"wp-block-table is-style-stripes\"><table><tbody><tr><td>Anwendung bei:<\/td><td>Chronischem Lymph\u00f6dem<\/td><\/tr><tr><td><\/td><td>Chronisch-ven\u00f6ser Insuffizienz (sog. \u201eKrampfadern\u201c)<\/td><\/tr><tr><td><\/td><td>Postoperativer Schwellung<\/td><\/tr><tr><td><\/td><td>Chronischer Polyarthritis<\/td><\/tr><tr><td><\/td><td>CRPS (complex regional pain syndrom, auch Mb. Sudeck)<\/td><\/tr><tr><td><\/td><td>Schwellungen bei Halbseitenl\u00e4hmung nach Schlaganfall<\/td><\/tr><tr><td><\/td><td>Kopfschmerzen u.a.<\/td><\/tr><\/tbody><\/table><\/figure>\n\n\n\n<p>(Quelle: <a href=\"http:\/\/www.netdoktor.de\/\">www.netdoktor.de<\/a>)<\/p>\n\n\n\n<h2 class=\"wp-block-heading\">&#8230; KG ZNS \/ Bobath?<\/h2>\n\n\n\n<p>Das Bobath-Konzept ist ein spezielles Behandlungskonzept f\u00fcr Menschen mit St\u00f6rungen des zentralen Nervensystems.<br>Sie ist nach dem Ehepaar Karel und Bertha Bobath benannt und richtet sich vor allem an Patienten mit Einschr\u00e4nkungen der Motorik, der K\u00f6rperwahrnehmung und des Gleichgewichtes aufgrund neurologischer St\u00f6rungen (angeboren oder erworben).<br>Das Konzept zielt auf eine Hemmung der pathologischen Reflexe und dem Wiedererlernen m\u00f6glichst physiologischer Bewegungsabl\u00e4ufe.<br><br>Beachte: Es gibt ein KG ZNS\/ Bobath-Konzept f\u00fcr Kinder und eines f\u00fcr Erwachsene ab dem 18. Lebensjahr.<br>Die Physiotherapie Sch\u00f6ne bietet ausschlie\u00dflich KG ZNS\/ Bobath f\u00fcr Erwachsene an!<br><br>(Quelle: <a href=\"http:\/\/www.physiocare.de\/\">www.physiocare.de<\/a>)<\/p>\n\n\n\n<h2 class=\"wp-block-heading\">&#8230; Reflexzonenmassage?<\/h2>\n\n\n\n<p>Der amerikanische Arzt W. Fitzgerald entwickelte 1913 ein Konzept, in dem der K\u00f6rper in zehn Zonen eingeteilt wird. Jeweils rechts und links von der Wirbels\u00e4ule verlaufen f\u00fcnf L\u00e4ngszonen, welche an den F\u00fc\u00dfen enden, so dass sich alle Organe in verkleinerter Form dort widerspiegeln.<br>Areale, welche erkrankte oder gest\u00f6rte Organe repr\u00e4sentieren, sind wesentlich schmerzempfindlicher oder in ihrer Struktur ver\u00e4ndert (Verquellungen) als andere.<br>Durch Druck, Streichen oder andere Grifftechniken an diesen Arealen soll es \u00fcber die Nervenbahnen zu einer Wechselwirkung mit den betroffenen Organen kommen und so zu einer Linderung der Beschwerden und Verbesserung der Organfunktion.<br><br>Beachte: Reflexzonenmassage gibt es auch an den Ohren und den H\u00e4nden.<br>Anwendung der Therapie haupts\u00e4chlich zur Schmerzlinderung und Entspannung.<br><br>(Quelle: <a href=\"http:\/\/www.netdoktor.de\/\">www.netdoktor.de<\/a>)<\/p>\n\n\n\n<h2 class=\"wp-block-heading\">&#8230; Kinesio-Taping?<\/h2>\n\n\n\n<p>Kinesio-Tape ist ein elastisches Baumwollband mit einer Acryl-Klebeschicht, welches sich an die nat\u00fcrlichen Bewegungen des K\u00f6rpers anpasst. (Durch die Acrylbeschichtung anstatt Latex ist es auch geeignet f\u00fcr Patienten mit Pflasterallergie oder empfindlicher Haut.)<br>Der k\u00f6rpereigene Heilungsprozess wird stimuliert, in dem das Tape Unterst\u00fctzung und Stabilit\u00e4t bietet, ohne dabei die Beweglichkeit einzuschr\u00e4nken. Aus diesem Grund wird das medizinische Tape oft auch als erg\u00e4nzende Behandlungsmethode verwendet.<br>Au\u00dferdem befinden sich auf der \u00e4u\u00dferen Hautschicht, der \u201eSuperfaszie\u201c des K\u00f6rpers, 85% aller Schmerzpunkte, so dass durch das Aufbringen des Tapes das k\u00f6rpereigene schmerzstillende System aktiviert wird.<\/p>\n\n\n\n<figure class=\"wp-block-table is-style-stripes\"><table><tbody><tr><td>Farben Kinesio-Tape<\/td><td>rote Tapes wirken anregend, w\u00e4rmend und aktivierend<\/td><\/tr><tr><td><\/td><td>blaue und gr\u00fcne Tapes wirken beruhigend und k\u00fchlend<\/td><\/tr><tr><td><\/td><td>schwarze und beige Tapes gelten als neutral<\/td><\/tr><\/tbody><\/table><\/figure>\n\n\n\n<p><\/p>\n\n\n\n<h2 class=\"wp-block-heading\">&#8230; Ayurveda-Massage?<\/h2>\n\n\n\n<figure class=\"wp-block-table is-style-stripes\"><table><tbody><tr><td>Ayurveda = das Wissen vom gesunden Leben<\/td><td>Der Schwerpunkt und das Ziel der ayurvedischen Behandlung ist es, die Selbstheilungskr\u00e4fte des K\u00f6rpers zu aktivieren.<br>Es existieren verschiedene ayurvedische Massagen, welche sich nach den drei Doshas (den Regelkr\u00e4ften oder der Gem\u00fctsart) richten.<br>Diese drei Doshas sind Vata, Pitta und Kapha, und befinden sich bei einem gesunden Menschen im Gleichgewicht.<\/td><\/tr><tr><td>Vata = das Bewegungsprinzip<\/td><td>Zuordnung: Nervensystem, Atmung, Bewegung<br>Element: Raum und Luft<br>Massage-\u00d6l: Sesam<\/td><\/tr><tr><td>Pitta = das Stoffwechselprinzip<\/td><td>Zuordnung: Verdauung, K\u00f6rpertemperatur, Emotion<br>Element: Feuer<br>Massage-\u00d6l: warmes Kokos-\u00d6l<\/td><\/tr><tr><td>Kapha = das Strukturprinzip<\/td><td>Zuordnung: Festigkeit, Stabilit\u00e4t, Fl\u00fcssigkeitshaushalt<br>Element: Erde und Wasser<br>Massage: Trockenmassage<\/td><\/tr><\/tbody><\/table><\/figure>\n\n\n\n<p><\/p>\n\n\n\n<h2 class=\"wp-block-heading\">&#8230; Tuina &#8211; Massage?<\/h2>\n\n\n\n<p>Tuina-Massage ist eine chinesische Massageform und bedeutet \u201eDr\u00fccken &amp; Greifen\u201c.<br>Bei der Behandlung werden manuelle Techniken angewandt.<br>Die Wellness-Tuina dient der Vorbeugung, dem Abbau von Negativstre\u00df und der Regulation, um Seele und K\u00f6rper in Einklang zu bringen.<br><br>Beachte: Insbesondere bei starken Beschwerden kann die Behandlung auch schmerzhaft sein!<\/p>\n\n\n\n<h2 class=\"wp-block-heading\">&#8230; Thai Chi?<\/h2>\n\n\n\n<p>Thai Chi ist eine Abfolge von \u00dcbungen mit langsamen, flie\u00dfenden Bewegungen von meditativem Charakter, auch \u201eSchattenboxen\u201c genannt.<br>Das Anwenden von Thai Chi dient der Kultivierung der Lebensenergie \u201eQi\u201c, wirkt ausgleichend auf die Psyche und alle vegetativen Funktionen des K\u00f6rpers, hilft beim Stre\u00dfabbau und kr\u00e4ftigt gleichzeitig den gesamten Bewegungsapperat.<br><br>(Quelle: www.lifeline.de)<\/p>\n","protected":false},"excerpt":{"rendered":"<p>&#8230; Osteopathie? In der Osteopathie wird sowohl die Diagnose als auch die Behandlung des Patienten mit Hilfe der H\u00e4nde durchgef\u00fchrt.Man unterscheidet drei Kategorien: strukturelle, viscerale und cranio-sacrale Osteopathie. Das Individuum &hellip; <a href=\"https:\/\/physiotherapie-schoene.de\/?page_id=26\" class=\"excerpt-link\">Weiterlesen<\/a><\/p>\n","protected":false},"author":1,"featured_media":0,"parent":0,"menu_order":3,"comment_status":"closed","ping_status":"closed","template":"","meta":{"footnotes":""},"_links":{"self":[{"href":"https:\/\/physiotherapie-schoene.de\/index.php?rest_route=\/wp\/v2\/pages\/26"}],"collection":[{"href":"https:\/\/physiotherapie-schoene.de\/index.php?rest_route=\/wp\/v2\/pages"}],"about":[{"href":"https:\/\/physiotherapie-schoene.de\/index.php?rest_route=\/wp\/v2\/types\/page"}],"author":[{"embeddable":true,"href":"https:\/\/physiotherapie-schoene.de\/index.php?rest_route=\/wp\/v2\/users\/1"}],"replies":[{"embeddable":true,"href":"https:\/\/physiotherapie-schoene.de\/index.php?rest_route=%2Fwp%2Fv2%2Fcomments&post=26"}],"version-history":[{"count":13,"href":"https:\/\/physiotherapie-schoene.de\/index.php?rest_route=\/wp\/v2\/pages\/26\/revisions"}],"predecessor-version":[{"id":87,"href":"https:\/\/physiotherapie-schoene.de\/index.php?rest_route=\/wp\/v2\/pages\/26\/revisions\/87"}],"wp:attachment":[{"href":"https:\/\/physiotherapie-schoene.de\/index.php?rest_route=%2Fwp%2Fv2%2Fmedia&parent=26"}],"curies":[{"name":"wp","href":"https:\/\/api.w.org\/{rel}","templated":true}]}}